{"id":6035,"date":"2026-04-02T16:19:07","date_gmt":"2026-04-02T14:19:07","guid":{"rendered":"https:\/\/ucbmacademy.unicampus.it\/?post_type=product&#038;p=6035"},"modified":"2026-04-03T17:08:32","modified_gmt":"2026-04-03T15:08:32","slug":"executive-program-cybersecurity-e-responsabilita-dei-vertici-sanitari-ai-sensi-della-direttiva-nis2","status":"publish","type":"product","link":"https:\/\/ucbmacademy.unicampus.it\/en\/prodotto\/executive-program-cybersecurity-e-responsabilita-dei-vertici-sanitari-ai-sensi-della-direttiva-nis2\/","title":{"rendered":"Executive Program Cybersecurity e Responsabilit\u00e0 dei vertici sanitari ai sensi della Direttiva NIS2"},"content":{"rendered":"","protected":false},"excerpt":{"rendered":"","protected":false},"featured_media":6023,"comment_status":"open","ping_status":"closed","template":"","meta":{"_acf_changed":false},"tag-corso":[],"product_brand":[],"product_cat":[56],"product_tag":[],"class_list":{"0":"post-6035","1":"product","2":"type-product","3":"status-publish","4":"has-post-thumbnail","6":"product_cat-executive-program","8":"first","9":"instock","10":"virtual","11":"purchasable","12":"product-type-simple"},"acf":[],"yoast_head":"<!-- This site is optimized with the Yoast SEO plugin v27.4 - https:\/\/yoast.com\/product\/yoast-seo-wordpress\/ -->\n<title>Executive Program Cybersecurity e Responsabilit\u00e0 dei vertici sanitari ai sensi della Direttiva NIS2 - Academy UCBM<\/title>\n<meta name=\"description\" content=\"Nel settore sanitario, la cybersecurity non \u00e8 pi\u00f9 soltanto una questione tecnologica, ma un tema di governance, continuit\u00e0 operativa e tutela del paziente.\" \/>\n<meta name=\"robots\" content=\"index, follow, max-snippet:-1, max-image-preview:large, max-video-preview:-1\" \/>\n<link rel=\"canonical\" href=\"https:\/\/ucbmacademy.unicampus.it\/en\/prodotto\/executive-program-cybersecurity-e-responsabilita-dei-vertici-sanitari-ai-sensi-della-direttiva-nis2\/\" \/>\n<meta property=\"og:locale\" content=\"en_US\" \/>\n<meta property=\"og:type\" content=\"article\" \/>\n<meta property=\"og:title\" content=\"Executive Program Cybersecurity e Responsabilit\u00e0 dei vertici sanitari ai sensi della Direttiva NIS2 - Academy UCBM\" \/>\n<meta property=\"og:description\" content=\"Nel settore sanitario, la cybersecurity non \u00e8 pi\u00f9 soltanto una questione tecnologica, ma un tema di governance, continuit\u00e0 operativa e tutela del paziente.\" \/>\n<meta property=\"og:url\" content=\"https:\/\/ucbmacademy.unicampus.it\/en\/prodotto\/executive-program-cybersecurity-e-responsabilita-dei-vertici-sanitari-ai-sensi-della-direttiva-nis2\/\" \/>\n<meta property=\"og:site_name\" content=\"Academy UCBM\" \/>\n<meta property=\"article:modified_time\" content=\"2026-04-03T15:08:32+00:00\" \/>\n<meta property=\"og:image\" content=\"https:\/\/ucbmacademy.unicampus.it\/wp-content\/uploads\/2026\/04\/ChatGPT-Image-18-mar-2026-14_11_36.png\" \/>\n\t<meta property=\"og:image:width\" content=\"1536\" \/>\n\t<meta property=\"og:image:height\" content=\"1024\" \/>\n\t<meta property=\"og:image:type\" content=\"image\/png\" \/>\n<meta name=\"twitter:card\" content=\"summary_large_image\" \/>\n<meta name=\"twitter:label1\" content=\"Est. reading time\" \/>\n\t<meta name=\"twitter:data1\" content=\"2 minutes\" \/>\n<script type=\"application\/ld+json\" class=\"yoast-schema-graph\">{\"@context\":\"https:\\\/\\\/schema.org\",\"@graph\":[{\"@type\":\"WebPage\",\"@id\":\"https:\\\/\\\/ucbmacademy.unicampus.it\\\/en\\\/prodotto\\\/executive-program-cybersecurity-e-responsabilita-dei-vertici-sanitari-ai-sensi-della-direttiva-nis2\\\/\",\"url\":\"https:\\\/\\\/ucbmacademy.unicampus.it\\\/en\\\/prodotto\\\/executive-program-cybersecurity-e-responsabilita-dei-vertici-sanitari-ai-sensi-della-direttiva-nis2\\\/\",\"name\":\"Executive Program Cybersecurity e Responsabilit\u00e0 dei vertici sanitari ai sensi della Direttiva NIS2 - Academy UCBM\",\"isPartOf\":{\"@id\":\"https:\\\/\\\/ucbmacademy.unicampus.it\\\/en\\\/#website\"},\"primaryImageOfPage\":{\"@id\":\"https:\\\/\\\/ucbmacademy.unicampus.it\\\/en\\\/prodotto\\\/executive-program-cybersecurity-e-responsabilita-dei-vertici-sanitari-ai-sensi-della-direttiva-nis2\\\/#primaryimage\"},\"image\":{\"@id\":\"https:\\\/\\\/ucbmacademy.unicampus.it\\\/en\\\/prodotto\\\/executive-program-cybersecurity-e-responsabilita-dei-vertici-sanitari-ai-sensi-della-direttiva-nis2\\\/#primaryimage\"},\"thumbnailUrl\":\"https:\\\/\\\/ucbmacademy.unicampus.it\\\/wp-content\\\/uploads\\\/2026\\\/04\\\/ChatGPT-Image-18-mar-2026-14_11_36.png\",\"datePublished\":\"2026-04-02T14:19:07+00:00\",\"dateModified\":\"2026-04-03T15:08:32+00:00\",\"description\":\"Nel settore sanitario, la cybersecurity non \u00e8 pi\u00f9 soltanto una questione tecnologica, ma un tema di governance, continuit\u00e0 operativa e tutela del paziente.\",\"breadcrumb\":{\"@id\":\"https:\\\/\\\/ucbmacademy.unicampus.it\\\/en\\\/prodotto\\\/executive-program-cybersecurity-e-responsabilita-dei-vertici-sanitari-ai-sensi-della-direttiva-nis2\\\/#breadcrumb\"},\"inLanguage\":\"en-US\",\"potentialAction\":[{\"@type\":\"ReadAction\",\"target\":[\"https:\\\/\\\/ucbmacademy.unicampus.it\\\/en\\\/prodotto\\\/executive-program-cybersecurity-e-responsabilita-dei-vertici-sanitari-ai-sensi-della-direttiva-nis2\\\/\"]}]},{\"@type\":\"ImageObject\",\"inLanguage\":\"en-US\",\"@id\":\"https:\\\/\\\/ucbmacademy.unicampus.it\\\/en\\\/prodotto\\\/executive-program-cybersecurity-e-responsabilita-dei-vertici-sanitari-ai-sensi-della-direttiva-nis2\\\/#primaryimage\",\"url\":\"https:\\\/\\\/ucbmacademy.unicampus.it\\\/wp-content\\\/uploads\\\/2026\\\/04\\\/ChatGPT-Image-18-mar-2026-14_11_36.png\",\"contentUrl\":\"https:\\\/\\\/ucbmacademy.unicampus.it\\\/wp-content\\\/uploads\\\/2026\\\/04\\\/ChatGPT-Image-18-mar-2026-14_11_36.png\",\"width\":1536,\"height\":1024},{\"@type\":\"BreadcrumbList\",\"@id\":\"https:\\\/\\\/ucbmacademy.unicampus.it\\\/en\\\/prodotto\\\/executive-program-cybersecurity-e-responsabilita-dei-vertici-sanitari-ai-sensi-della-direttiva-nis2\\\/#breadcrumb\",\"itemListElement\":[{\"@type\":\"ListItem\",\"position\":1,\"name\":\"Home\",\"item\":\"https:\\\/\\\/ucbmacademy.unicampus.it\\\/en\\\/\"},{\"@type\":\"ListItem\",\"position\":2,\"name\":\"Shop\",\"item\":\"https:\\\/\\\/ucbmacademy.unicampus.it\\\/en\\\/shop\\\/\"},{\"@type\":\"ListItem\",\"position\":3,\"name\":\"Executive Program\",\"item\":\"https:\\\/\\\/ucbmacademy.unicampus.it\\\/en\\\/categoria-corso\\\/executive-program\\\/\"},{\"@type\":\"ListItem\",\"position\":4,\"name\":\"Executive Program Cybersecurity e Responsabilit\u00e0 dei vertici sanitari ai sensi della Direttiva NIS2\"}]},{\"@type\":\"WebSite\",\"@id\":\"https:\\\/\\\/ucbmacademy.unicampus.it\\\/en\\\/#website\",\"url\":\"https:\\\/\\\/ucbmacademy.unicampus.it\\\/en\\\/\",\"name\":\"Academy UCBM\",\"description\":\"\",\"publisher\":{\"@id\":\"https:\\\/\\\/ucbmacademy.unicampus.it\\\/en\\\/#organization\"},\"alternateName\":\"Academy UCBM\",\"potentialAction\":[{\"@type\":\"SearchAction\",\"target\":{\"@type\":\"EntryPoint\",\"urlTemplate\":\"https:\\\/\\\/ucbmacademy.unicampus.it\\\/en\\\/?s={search_term_string}\"},\"query-input\":{\"@type\":\"PropertyValueSpecification\",\"valueRequired\":true,\"valueName\":\"search_term_string\"}}],\"inLanguage\":\"en-US\"},{\"@type\":\"Organization\",\"@id\":\"https:\\\/\\\/ucbmacademy.unicampus.it\\\/en\\\/#organization\",\"name\":\"UCBM Academy\",\"alternateName\":\"UCBM Academy\",\"url\":\"https:\\\/\\\/ucbmacademy.unicampus.it\\\/en\\\/\",\"logo\":{\"@type\":\"ImageObject\",\"inLanguage\":\"en-US\",\"@id\":\"https:\\\/\\\/ucbmacademy.unicampus.it\\\/en\\\/#\\\/schema\\\/logo\\\/image\\\/\",\"url\":\"https:\\\/\\\/ucbmacademy.unicampus.it\\\/wp-content\\\/uploads\\\/2024\\\/12\\\/UCBM_Academy_verticale.png\",\"contentUrl\":\"https:\\\/\\\/ucbmacademy.unicampus.it\\\/wp-content\\\/uploads\\\/2024\\\/12\\\/UCBM_Academy_verticale.png\",\"width\":1306,\"height\":1517,\"caption\":\"UCBM Academy\"},\"image\":{\"@id\":\"https:\\\/\\\/ucbmacademy.unicampus.it\\\/en\\\/#\\\/schema\\\/logo\\\/image\\\/\"},\"sameAs\":[\"https:\\\/\\\/www.linkedin.com\\\/company\\\/ucbm-academy\\\/\"]}]}<\/script>\n<!-- \/ Yoast SEO plugin. -->","yoast_head_json":{"title":"Executive Program Cybersecurity e Responsabilit\u00e0 dei vertici sanitari ai sensi della Direttiva NIS2 - Academy UCBM","description":"Nel settore sanitario, la cybersecurity non \u00e8 pi\u00f9 soltanto una questione tecnologica, ma un tema di governance, continuit\u00e0 operativa e tutela del paziente.","robots":{"index":"index","follow":"follow","max-snippet":"max-snippet:-1","max-image-preview":"max-image-preview:large","max-video-preview":"max-video-preview:-1"},"canonical":"https:\/\/ucbmacademy.unicampus.it\/en\/prodotto\/executive-program-cybersecurity-e-responsabilita-dei-vertici-sanitari-ai-sensi-della-direttiva-nis2\/","og_locale":"en_US","og_type":"article","og_title":"Executive Program Cybersecurity e Responsabilit\u00e0 dei vertici sanitari ai sensi della Direttiva NIS2 - Academy UCBM","og_description":"Nel settore sanitario, la cybersecurity non \u00e8 pi\u00f9 soltanto una questione tecnologica, ma un tema di governance, continuit\u00e0 operativa e tutela del paziente.","og_url":"https:\/\/ucbmacademy.unicampus.it\/en\/prodotto\/executive-program-cybersecurity-e-responsabilita-dei-vertici-sanitari-ai-sensi-della-direttiva-nis2\/","og_site_name":"Academy UCBM","article_modified_time":"2026-04-03T15:08:32+00:00","og_image":[{"width":1536,"height":1024,"url":"https:\/\/ucbmacademy.unicampus.it\/wp-content\/uploads\/2026\/04\/ChatGPT-Image-18-mar-2026-14_11_36.png","type":"image\/png"}],"twitter_card":"summary_large_image","twitter_misc":{"Est. reading time":"2 minutes"},"schema":{"@context":"https:\/\/schema.org","@graph":[{"@type":"WebPage","@id":"https:\/\/ucbmacademy.unicampus.it\/en\/prodotto\/executive-program-cybersecurity-e-responsabilita-dei-vertici-sanitari-ai-sensi-della-direttiva-nis2\/","url":"https:\/\/ucbmacademy.unicampus.it\/en\/prodotto\/executive-program-cybersecurity-e-responsabilita-dei-vertici-sanitari-ai-sensi-della-direttiva-nis2\/","name":"Executive Program Cybersecurity e Responsabilit\u00e0 dei vertici sanitari ai sensi della Direttiva NIS2 - Academy UCBM","isPartOf":{"@id":"https:\/\/ucbmacademy.unicampus.it\/en\/#website"},"primaryImageOfPage":{"@id":"https:\/\/ucbmacademy.unicampus.it\/en\/prodotto\/executive-program-cybersecurity-e-responsabilita-dei-vertici-sanitari-ai-sensi-della-direttiva-nis2\/#primaryimage"},"image":{"@id":"https:\/\/ucbmacademy.unicampus.it\/en\/prodotto\/executive-program-cybersecurity-e-responsabilita-dei-vertici-sanitari-ai-sensi-della-direttiva-nis2\/#primaryimage"},"thumbnailUrl":"https:\/\/ucbmacademy.unicampus.it\/wp-content\/uploads\/2026\/04\/ChatGPT-Image-18-mar-2026-14_11_36.png","datePublished":"2026-04-02T14:19:07+00:00","dateModified":"2026-04-03T15:08:32+00:00","description":"Nel settore sanitario, la cybersecurity non \u00e8 pi\u00f9 soltanto una questione tecnologica, ma un tema di governance, continuit\u00e0 operativa e tutela del paziente.","breadcrumb":{"@id":"https:\/\/ucbmacademy.unicampus.it\/en\/prodotto\/executive-program-cybersecurity-e-responsabilita-dei-vertici-sanitari-ai-sensi-della-direttiva-nis2\/#breadcrumb"},"inLanguage":"en-US","potentialAction":[{"@type":"ReadAction","target":["https:\/\/ucbmacademy.unicampus.it\/en\/prodotto\/executive-program-cybersecurity-e-responsabilita-dei-vertici-sanitari-ai-sensi-della-direttiva-nis2\/"]}]},{"@type":"ImageObject","inLanguage":"en-US","@id":"https:\/\/ucbmacademy.unicampus.it\/en\/prodotto\/executive-program-cybersecurity-e-responsabilita-dei-vertici-sanitari-ai-sensi-della-direttiva-nis2\/#primaryimage","url":"https:\/\/ucbmacademy.unicampus.it\/wp-content\/uploads\/2026\/04\/ChatGPT-Image-18-mar-2026-14_11_36.png","contentUrl":"https:\/\/ucbmacademy.unicampus.it\/wp-content\/uploads\/2026\/04\/ChatGPT-Image-18-mar-2026-14_11_36.png","width":1536,"height":1024},{"@type":"BreadcrumbList","@id":"https:\/\/ucbmacademy.unicampus.it\/en\/prodotto\/executive-program-cybersecurity-e-responsabilita-dei-vertici-sanitari-ai-sensi-della-direttiva-nis2\/#breadcrumb","itemListElement":[{"@type":"ListItem","position":1,"name":"Home","item":"https:\/\/ucbmacademy.unicampus.it\/en\/"},{"@type":"ListItem","position":2,"name":"Shop","item":"https:\/\/ucbmacademy.unicampus.it\/en\/shop\/"},{"@type":"ListItem","position":3,"name":"Executive Program","item":"https:\/\/ucbmacademy.unicampus.it\/en\/categoria-corso\/executive-program\/"},{"@type":"ListItem","position":4,"name":"Executive Program Cybersecurity e Responsabilit\u00e0 dei vertici sanitari ai sensi della Direttiva NIS2"}]},{"@type":"WebSite","@id":"https:\/\/ucbmacademy.unicampus.it\/en\/#website","url":"https:\/\/ucbmacademy.unicampus.it\/en\/","name":"Academy UCBM","description":"","publisher":{"@id":"https:\/\/ucbmacademy.unicampus.it\/en\/#organization"},"alternateName":"Academy UCBM","potentialAction":[{"@type":"SearchAction","target":{"@type":"EntryPoint","urlTemplate":"https:\/\/ucbmacademy.unicampus.it\/en\/?s={search_term_string}"},"query-input":{"@type":"PropertyValueSpecification","valueRequired":true,"valueName":"search_term_string"}}],"inLanguage":"en-US"},{"@type":"Organization","@id":"https:\/\/ucbmacademy.unicampus.it\/en\/#organization","name":"UCBM Academy","alternateName":"UCBM Academy","url":"https:\/\/ucbmacademy.unicampus.it\/en\/","logo":{"@type":"ImageObject","inLanguage":"en-US","@id":"https:\/\/ucbmacademy.unicampus.it\/en\/#\/schema\/logo\/image\/","url":"https:\/\/ucbmacademy.unicampus.it\/wp-content\/uploads\/2024\/12\/UCBM_Academy_verticale.png","contentUrl":"https:\/\/ucbmacademy.unicampus.it\/wp-content\/uploads\/2024\/12\/UCBM_Academy_verticale.png","width":1306,"height":1517,"caption":"UCBM Academy"},"image":{"@id":"https:\/\/ucbmacademy.unicampus.it\/en\/#\/schema\/logo\/image\/"},"sameAs":["https:\/\/www.linkedin.com\/company\/ucbm-academy\/"]}]}},"_links":{"self":[{"href":"https:\/\/ucbmacademy.unicampus.it\/en\/wp-json\/wp\/v2\/product\/6035","targetHints":{"allow":["GET"]}}],"collection":[{"href":"https:\/\/ucbmacademy.unicampus.it\/en\/wp-json\/wp\/v2\/product"}],"about":[{"href":"https:\/\/ucbmacademy.unicampus.it\/en\/wp-json\/wp\/v2\/types\/product"}],"replies":[{"embeddable":true,"href":"https:\/\/ucbmacademy.unicampus.it\/en\/wp-json\/wp\/v2\/comments?post=6035"}],"wp:featuredmedia":[{"embeddable":true,"href":"https:\/\/ucbmacademy.unicampus.it\/en\/wp-json\/wp\/v2\/media\/6023"}],"wp:attachment":[{"href":"https:\/\/ucbmacademy.unicampus.it\/en\/wp-json\/wp\/v2\/media?parent=6035"}],"wp:term":[{"taxonomy":"tag-corso","embeddable":true,"href":"https:\/\/ucbmacademy.unicampus.it\/en\/wp-json\/wp\/v2\/tag-corso?post=6035"},{"taxonomy":"product_brand","embeddable":true,"href":"https:\/\/ucbmacademy.unicampus.it\/en\/wp-json\/wp\/v2\/product_brand?post=6035"},{"taxonomy":"product_cat","embeddable":true,"href":"https:\/\/ucbmacademy.unicampus.it\/en\/wp-json\/wp\/v2\/product_cat?post=6035"},{"taxonomy":"product_tag","embeddable":true,"href":"https:\/\/ucbmacademy.unicampus.it\/en\/wp-json\/wp\/v2\/product_tag?post=6035"}],"curies":[{"name":"wp","href":"https:\/\/api.w.org\/{rel}","templated":true}]}}